{"id":6570,"date":"2026-02-20T14:16:02","date_gmt":"2026-02-20T13:16:02","guid":{"rendered":"https:\/\/casino.betxpert.com\/?page_id=6570"},"modified":"2026-02-20T14:17:25","modified_gmt":"2026-02-20T13:17:25","slug":"casino-house-retortvej-54-2500-valby","status":"publish","type":"page","link":"https:\/\/casino.betxpert.com\/spillehaller\/casino-house-retortvej-54-2500-valby","title":{"rendered":"Casino House &#8211; Retortvej 54, 2500 Valby"},"content":{"rendered":"\n<p>P\u00e5 Retortvej i Valby finder du en af Casino Houses absolut st\u00f8rste spillehaller.<\/p>\n\n\n\n<p>Spillehallen har et imponerende udvalg af spillemaskiner og s\u00e5 er der d\u00f8gn\u00e5bent alle ugens dage.<\/p>\n\n\n\t<div class=\"toplist toplist-grid toplist-grid--x\">\n\t\t<div\n\tclass=\"toplist-card toplist-card--x\"\n\t\t\tstyle=\"\n\t\t--card-color-r: 28;\n\t\t--card-color-g: 37;\n\t\t--card-color-b: 64;\n\t\t\"\n\t>\n\t\t<div class=\"toplist-card__thumbnail\" >\n\t\t<a href=\"https:\/\/casino.betxpert.com\/go\/casino-house\" rel=\"nofollow noindex\" target=\"_blank\">\n\t\t\t\t\t\t<img decoding=\"async\" class=\"toplist-card__cover\" src=\"https:\/\/casino.betxpert.com\/wp-content\/uploads\/2026\/01\/Casino-House-logo.webp \" alt=\"Casino House\">\n\t\t<\/a>\n\t<\/div>\n\t<div class=\"toplist-card__details\">\n\t\t\t\t\t<div class=\"bonus\">\n\t\t\t\t\t\t\t\t\t<div class=\"title\">\n\t\t\t\t\t\tBonus\n\t\t\t\t\t<\/div>\n\t\t\t\t\t\t\t\t<div class=\"value\">\n\t\t\t\t\t500\t\t\t\t<\/div>\n\t\t\t\t\t\t\t\t\t<div class=\"twist\">\n\t\t\t\t\t\t10x\t\t\t\t\t<\/div>\n\t\t\t\t\t\t\t<\/div>\n\t\t\t\t\t\t\t<div class=\"free-spins\">\n\t\t\t\t\t\t\t\t\t<div class=\"title\">\n\t\t\t\t\t\tFree Spins\n\t\t\t\t\t<\/div>\n\t\t\t\t\t\t\t\t<div class=\"value\">\n\t\t\t\t\t50\t\t\t\t<\/div>\n\t\t\t\t\t\t\t\t\t<div class=\"twist\">\n\t\t\t\t\t\t0x\t\t\t\t\t<\/div>\n\t\t\t\t\t\t\t\n\t\t\t<\/div>\n\t\t\t<\/div>\n\t\t\t<ul class=\"toplist-card__benefits\">\n\t\t\t\t\t\t\t<li>\n\t\t\t\tDansk website\t\t\t\t<img decoding=\"async\" loading=\"lazy\" width=\"22\" height=\"16\" src=\"https:\/\/casino.betxpert.com\/wp-content\/uploads\/2022\/05\/Ikon-Dansk-websiter.svg\" alt=\"\">\n\t\t\t<\/li>\n\t\t\t\t\t\t\t<li>\n\t\t\t\tMange kampagner og tilbud\t\t\t\t<img decoding=\"async\" loading=\"lazy\" width=\"22\" height=\"16\" src=\"https:\/\/casino.betxpert.com\/wp-content\/uploads\/2022\/05\/Ikon-Mange-kampagner-og-tilbud.svg\" alt=\"\">\n\t\t\t<\/li>\n\t\t\t\t\t\t\t<li>\n\t\t\t\tTilbyder gratis spins\t\t\t\t<img decoding=\"async\" loading=\"lazy\" width=\"22\" height=\"16\" src=\"https:\/\/casino.betxpert.com\/wp-content\/uploads\/2022\/05\/Ikon-Tilbyder-gratis-spins.svg\" alt=\"\">\n\t\t\t<\/li>\n\t\t\t\t\t\t\t\t\t\t<li>\n\t\t\t\t\t<a href=\"https:\/\/casino.betxpert.com\/casino-house\">\n\t\t\t\t\t\tAnmeldelse\n\t\t\t\t\t<\/a>\n\t\t\t\t<\/li>\n\t\t\t\t\t<\/ul>\n\t\t<div class=\"toplist-card__actions\">\n\t\t<a href=\"https:\/\/casino.betxpert.com\/go\/casino-house\" rel=\"nofollow noindex\" target=\"_blank\" class=\"cta\">\n\t\t\tBes\u00f8g casino\n\t\t<\/a>\n\t\t\t\t\t<a href=\"https:\/\/casino.betxpert.com\/casino-house\" class=\"secondary\">\n\t\t\t\tAnmeldelse\n\t\t\t<\/a>\n\t\t\t<\/div>\n\t<div class=\"toplist-card__disclaimer\">\n\t\t\t\t\t<p><strong>Indbetalingsbonus:<\/strong> Indbetal 100 &#8211; 500 kr. og f\u00e5 100% i bonus | G\u00e6lder kun nye kunder | V\u00e6lg bonussen og indbetal mellem 100 kr. til 500 kr. ved aktiveringen af bonussen | Gennemspilskrav 10 x (indbetaling + bonus) | F.eks. ved indbetaling p\u00e5 200 kr. vil gennemspilskrav v\u00e6re 10 x (200 kr. + 200 kr.) = 4.000 kr. p\u00e5 alle spilleautomater inden for 60 dage<br \/>\n<br \/>\n<strong>Free spins:<\/strong> F\u00e5 50 free spins til Sweet Bonanza ved oprettelse | G\u00e6lder kun nye kunder | Aktiv\u00e9r bonus ved at \u00e5bne Sweet Bonanza | V\u00e6rdi af free spins: 1 kr. pr. spin | Intet krav om indbetaling | Intet oms\u00e6tningskrav p\u00e5 gevinster<\/p>\n\t\t\t<p style=\"text-align: center\"><em>Indeholder reklamelinks | 18+ | <a href=\"https:\/\/www.stopspillet.dk\/\" target=\"_blank\" rel=\"nofollow noopener\">stopspillet.dk<\/a> | <a href=\"https:\/\/www.rofus.nu\/\/\" target=\"_blank\" rel=\"nofollow noopener\">rofus.nu<\/a> | r&amp;v g\u00e6lder | Spil ansvarligt<\/em><\/p>\n\t\t\t<\/div>\n<\/div>\n\t<\/div>\n\t\n\n\n<h2 class=\"wp-block-heading\">Adresse, \u00e5bningstider, m.m.<\/h2>\n\n\n\n<div class=\"wp-block-columns is-layout-flex wp-container-core-columns-is-layout-1 wp-block-columns-is-layout-flex\">\n<div class=\"wp-block-column is-layout-flow wp-block-column-is-layout-flow\">\n<p><strong>Adresse:<\/strong><\/p>\n\n\n\n<ul class=\"wp-block-list is-style-default\">\n<li><strong>Adresse:<\/strong> Retortvej 54<\/li>\n\n\n\n<li><strong>Postnummer:<\/strong> 2500<\/li>\n\n\n\n<li><strong>By:<\/strong> Valby<\/li>\n<\/ul>\n\n\n\n<p><strong>Fakta:<\/strong><\/p>\n\n\n\n<ul class=\"wp-block-list is-style-default\">\n<li><strong>Ejet af:<\/strong> <a href=\"https:\/\/www.betxpert.com\/casino\/casino-house\">Casino House<\/a><\/li>\n\n\n\n<li><strong>Sportsbetting:<\/strong> Ja, via <a href=\"https:\/\/www.betxpert.com\/bookmakere\/cashpoint\">Cashpoint<\/a><\/li>\n\n\n\n<li><strong>Travspil:<\/strong> Ja, via Bet25 Heste<\/li>\n<\/ul>\n<\/div>\n\n\n\n<div class=\"wp-block-column is-layout-flow wp-block-column-is-layout-flow\">\n<p><strong>\u00c5bningstider:<\/strong><\/p>\n\n\n\n<ul class=\"wp-block-list is-style-default\">\n<li><strong>Mandag:<\/strong> D\u00f8gn\u00e5ben<\/li>\n\n\n\n<li><strong>Tirsdag:<\/strong> D\u00f8gn\u00e5ben<\/li>\n\n\n\n<li><strong>Onsdag:<\/strong> D\u00f8gn\u00e5ben<\/li>\n\n\n\n<li><strong>Torsdag:<\/strong> D\u00f8gn\u00e5ben<\/li>\n\n\n\n<li><strong>Fredag:<\/strong> D\u00f8gn\u00e5ben<\/li>\n\n\n\n<li><strong>L\u00f8rdag:<\/strong> D\u00f8gn\u00e5ben<\/li>\n\n\n\n<li><strong>S\u00f8ndag:<\/strong> D\u00f8gn\u00e5ben<\/li>\n<\/ul>\n<\/div>\n<\/div>\n\n\n\n<h2 class=\"wp-block-heading\">Adgangskrav<\/h2>\n\n\n\n<p>Du skal v\u00e6re minimum 21 \u00e5r for at f\u00e5 adgang til spillehallen p\u00e5 Retortvej, og du skal kunne dokumentere din alder med gyldigt billedlegitimation.<\/p>\n\n\n\n<p>Det er gratis at komme ind.<\/p>\n\n\n\n<h2 class=\"wp-block-heading\">Spiludvalg<\/h2>\n\n\n\n<p>Casino House Retortvej er en af k\u00e6dens st\u00f8rste spillehaller med hele 75 spilleautomater og en udbetaling p\u00e5 88%.<\/p>\n\n\n\n<p>Blandt de 75 maskiner finder du 11 touch-multimaskiner og et bredt udvalg af 1-krone-spil p\u00e5 maskiner som Orient Expressen, Orienten 2, Baker Street, Virginia City, Allan Capone og Midnight Madness. Af mere specielle maskiner er der blandt andet Apache, Mount Everest, Robots og Submarine.<\/p>\n\n\n\n<p>\u00d8nsker du at spille sport, tilbyder spillehallen Cashpoint-terminaler med sportsbegivenheder fra hele verden \u2013 b\u00e5de f\u00f8r kampstart og live. Du kan desuden spille virtuelle sportsspil og Power Races, hvor der starter nyt spil hvert femte minut. Et gratis Cashpoint-medlemskort kan oprettes p\u00e5 stedet.<\/p>\n\n\n\n<p>Er du til hestev\u00e6ddel\u00f8b, er du godt stillet her. Spillehallen rummer en Travcaf\u00e9, hvor du kan f\u00f8lge livesport og hestev\u00e6ddem\u00e5l, og der udbydes desuden Derby25-hestespil.<\/p>\n\n\n\n<p>Gevinster kan udbetales kontant direkte i udbetalingsautomaten.<\/p>\n\n\n\n<h2 class=\"wp-block-heading\">Faciliteter<\/h2>\n\n\n\n<p>Casino House Retortvej er udstyret med rygekabine og aircondition, og som spillende g\u00e6st er der gratis kaffe.<\/p>\n\n\n\n<p>Alle g\u00e6ngse betalingskort accepteres.<\/p>\n\n\n\n<p>Der er gratis parkering i forbindelse med spillehallen, hvilket g\u00f8r det nemt at komme til, hvis du k\u00f8rer i bil.<\/p>\n","protected":false},"excerpt":{"rendered":"<p>P\u00e5 Retortvej i Valby finder du en af Casino Houses absolut st\u00f8rste spillehaller. Spillehallen har et imponerende udvalg af spillemaskiner og s\u00e5 er der d\u00f8gn\u00e5bent alle ugens dage. Adresse, \u00e5bningstider, m.m. Adresse: Fakta: \u00c5bningstider: Adgangskrav Du skal v\u00e6re minimum 21 \u00e5r for at f\u00e5 adgang til spillehallen p\u00e5 Retortvej, og du skal kunne dokumentere din&#8230;<\/p>\n","protected":false},"author":1,"featured_media":0,"parent":6553,"menu_order":0,"comment_status":"closed","ping_status":"closed","template":"","meta":{"_acf_changed":false,"inline_featured_image":false,"footnotes":""},"page_category":[],"class_list":["post-6570","page","type-page","status-publish","hentry"],"acf":[],"yoast_head":"<!-- This site is optimized with the Yoast SEO plugin v24.2 - https:\/\/yoast.com\/wordpress\/plugins\/seo\/ -->\n<title>Casino House p\u00e5 Retortvej 54, 2500 Valby<\/title>\n<meta name=\"description\" content=\"L\u00e6s om Casino Houses spillehal p\u00e5 Retortvej i Valby og se deres udvalg af spilleautomater, terminaler, aldersgr\u00e6nse, m.m.\" \/>\n<meta name=\"robots\" content=\"index, follow, max-snippet:-1, max-image-preview:large, max-video-preview:-1\" \/>\n<link rel=\"canonical\" href=\"https:\/\/casino.betxpert.com\/spillehaller\/casino-house-retortvej-54-2500-valby\" \/>\n<meta property=\"og:locale\" content=\"da_DK\" \/>\n<meta property=\"og:type\" content=\"article\" \/>\n<meta property=\"og:title\" content=\"Casino House p\u00e5 Retortvej 54, 2500 Valby\" \/>\n<meta property=\"og:description\" content=\"L\u00e6s om Casino Houses spillehal p\u00e5 Retortvej i Valby og se deres udvalg af spilleautomater, terminaler, aldersgr\u00e6nse, m.m.\" \/>\n<meta property=\"og:url\" content=\"https:\/\/casino.betxpert.com\/spillehaller\/casino-house-retortvej-54-2500-valby\" \/>\n<meta property=\"og:site_name\" content=\"Casino | BetXpert\" \/>\n<meta property=\"article:modified_time\" content=\"2026-02-20T13:17:25+00:00\" \/>\n<meta name=\"twitter:card\" content=\"summary_large_image\" \/>\n<meta name=\"twitter:label1\" content=\"Estimeret l\u00e6setid\" \/>\n\t<meta name=\"twitter:data1\" content=\"2 minutter\" \/>\n<script type=\"application\/ld+json\" class=\"yoast-schema-graph\">{\"@context\":\"https:\/\/schema.org\",\"@graph\":[{\"@type\":\"WebPage\",\"@id\":\"https:\/\/casino.betxpert.com\/spillehaller\/casino-house-retortvej-54-2500-valby\",\"url\":\"https:\/\/casino.betxpert.com\/spillehaller\/casino-house-retortvej-54-2500-valby\",\"name\":\"Casino House p\u00e5 Retortvej 54, 2500 Valby\",\"isPartOf\":{\"@id\":\"https:\/\/casino.betxpert.com\/#website\"},\"datePublished\":\"2026-02-20T13:16:02+00:00\",\"dateModified\":\"2026-02-20T13:17:25+00:00\",\"description\":\"L\u00e6s om Casino Houses spillehal p\u00e5 Retortvej i Valby og se deres udvalg af spilleautomater, terminaler, aldersgr\u00e6nse, m.m.\",\"breadcrumb\":{\"@id\":\"https:\/\/casino.betxpert.com\/spillehaller\/casino-house-retortvej-54-2500-valby#breadcrumb\"},\"inLanguage\":\"da-DK\",\"potentialAction\":[{\"@type\":\"ReadAction\",\"target\":[\"https:\/\/casino.betxpert.com\/spillehaller\/casino-house-retortvej-54-2500-valby\"]}]},{\"@type\":\"BreadcrumbList\",\"@id\":\"https:\/\/casino.betxpert.com\/spillehaller\/casino-house-retortvej-54-2500-valby#breadcrumb\",\"itemListElement\":[{\"@type\":\"ListItem\",\"position\":1,\"name\":\"BetXpert.com\/casino\",\"item\":\"https:\/\/casino.betxpert.com\/\"},{\"@type\":\"ListItem\",\"position\":2,\"name\":\"Spillehaller i Danmark\",\"item\":\"https:\/\/casino.betxpert.com\/spillehaller\"},{\"@type\":\"ListItem\",\"position\":3,\"name\":\"Casino House &#8211; Retortvej 54, 2500 Valby\"}]},{\"@type\":\"WebSite\",\"@id\":\"https:\/\/casino.betxpert.com\/#website\",\"url\":\"https:\/\/casino.betxpert.com\/\",\"name\":\"Casino | BetXpert\",\"description\":\"BetXpert\",\"publisher\":{\"@id\":\"https:\/\/casino.betxpert.com\/#organization\"},\"potentialAction\":[{\"@type\":\"SearchAction\",\"target\":{\"@type\":\"EntryPoint\",\"urlTemplate\":\"https:\/\/casino.betxpert.com\/?s={search_term_string}\"},\"query-input\":{\"@type\":\"PropertyValueSpecification\",\"valueRequired\":true,\"valueName\":\"search_term_string\"}}],\"inLanguage\":\"da-DK\"},{\"@type\":\"Organization\",\"@id\":\"https:\/\/casino.betxpert.com\/#organization\",\"name\":\"Casino | BetXpert\",\"url\":\"https:\/\/casino.betxpert.com\/\",\"logo\":{\"@type\":\"ImageObject\",\"inLanguage\":\"da-DK\",\"@id\":\"https:\/\/casino.betxpert.com\/#\/schema\/logo\/image\/\",\"url\":\"https:\/\/casino.betxpert.com\/wp-content\/uploads\/2025\/09\/bx-logo-new.png\",\"contentUrl\":\"https:\/\/casino.betxpert.com\/wp-content\/uploads\/2025\/09\/bx-logo-new.png\",\"width\":582,\"height\":136,\"caption\":\"Casino | BetXpert\"},\"image\":{\"@id\":\"https:\/\/casino.betxpert.com\/#\/schema\/logo\/image\/\"}}]}<\/script>\n<!-- \/ Yoast SEO plugin. -->","yoast_head_json":{"title":"Casino House p\u00e5 Retortvej 54, 2500 Valby","description":"L\u00e6s om Casino Houses spillehal p\u00e5 Retortvej i Valby og se deres udvalg af spilleautomater, terminaler, aldersgr\u00e6nse, m.m.","robots":{"index":"index","follow":"follow","max-snippet":"max-snippet:-1","max-image-preview":"max-image-preview:large","max-video-preview":"max-video-preview:-1"},"canonical":"https:\/\/casino.betxpert.com\/spillehaller\/casino-house-retortvej-54-2500-valby","og_locale":"da_DK","og_type":"article","og_title":"Casino House p\u00e5 Retortvej 54, 2500 Valby","og_description":"L\u00e6s om Casino Houses spillehal p\u00e5 Retortvej i Valby og se deres udvalg af spilleautomater, terminaler, aldersgr\u00e6nse, m.m.","og_url":"https:\/\/casino.betxpert.com\/spillehaller\/casino-house-retortvej-54-2500-valby","og_site_name":"Casino | BetXpert","article_modified_time":"2026-02-20T13:17:25+00:00","twitter_card":"summary_large_image","twitter_misc":{"Estimeret l\u00e6setid":"2 minutter"},"schema":{"@context":"https:\/\/schema.org","@graph":[{"@type":"WebPage","@id":"https:\/\/casino.betxpert.com\/spillehaller\/casino-house-retortvej-54-2500-valby","url":"https:\/\/casino.betxpert.com\/spillehaller\/casino-house-retortvej-54-2500-valby","name":"Casino House p\u00e5 Retortvej 54, 2500 Valby","isPartOf":{"@id":"https:\/\/casino.betxpert.com\/#website"},"datePublished":"2026-02-20T13:16:02+00:00","dateModified":"2026-02-20T13:17:25+00:00","description":"L\u00e6s om Casino Houses spillehal p\u00e5 Retortvej i Valby og se deres udvalg af spilleautomater, terminaler, aldersgr\u00e6nse, m.m.","breadcrumb":{"@id":"https:\/\/casino.betxpert.com\/spillehaller\/casino-house-retortvej-54-2500-valby#breadcrumb"},"inLanguage":"da-DK","potentialAction":[{"@type":"ReadAction","target":["https:\/\/casino.betxpert.com\/spillehaller\/casino-house-retortvej-54-2500-valby"]}]},{"@type":"BreadcrumbList","@id":"https:\/\/casino.betxpert.com\/spillehaller\/casino-house-retortvej-54-2500-valby#breadcrumb","itemListElement":[{"@type":"ListItem","position":1,"name":"BetXpert.com\/casino","item":"https:\/\/casino.betxpert.com\/"},{"@type":"ListItem","position":2,"name":"Spillehaller i Danmark","item":"https:\/\/casino.betxpert.com\/spillehaller"},{"@type":"ListItem","position":3,"name":"Casino House &#8211; Retortvej 54, 2500 Valby"}]},{"@type":"WebSite","@id":"https:\/\/casino.betxpert.com\/#website","url":"https:\/\/casino.betxpert.com\/","name":"Casino | BetXpert","description":"BetXpert","publisher":{"@id":"https:\/\/casino.betxpert.com\/#organization"},"potentialAction":[{"@type":"SearchAction","target":{"@type":"EntryPoint","urlTemplate":"https:\/\/casino.betxpert.com\/?s={search_term_string}"},"query-input":{"@type":"PropertyValueSpecification","valueRequired":true,"valueName":"search_term_string"}}],"inLanguage":"da-DK"},{"@type":"Organization","@id":"https:\/\/casino.betxpert.com\/#organization","name":"Casino | BetXpert","url":"https:\/\/casino.betxpert.com\/","logo":{"@type":"ImageObject","inLanguage":"da-DK","@id":"https:\/\/casino.betxpert.com\/#\/schema\/logo\/image\/","url":"https:\/\/casino.betxpert.com\/wp-content\/uploads\/2025\/09\/bx-logo-new.png","contentUrl":"https:\/\/casino.betxpert.com\/wp-content\/uploads\/2025\/09\/bx-logo-new.png","width":582,"height":136,"caption":"Casino | BetXpert"},"image":{"@id":"https:\/\/casino.betxpert.com\/#\/schema\/logo\/image\/"}}]}},"_links":{"self":[{"href":"https:\/\/casino.betxpert.com\/wp-json\/wp\/v2\/pages\/6570","targetHints":{"allow":["GET"]}}],"collection":[{"href":"https:\/\/casino.betxpert.com\/wp-json\/wp\/v2\/pages"}],"about":[{"href":"https:\/\/casino.betxpert.com\/wp-json\/wp\/v2\/types\/page"}],"author":[{"embeddable":true,"href":"https:\/\/casino.betxpert.com\/wp-json\/wp\/v2\/users\/1"}],"replies":[{"embeddable":true,"href":"https:\/\/casino.betxpert.com\/wp-json\/wp\/v2\/comments?post=6570"}],"version-history":[{"count":1,"href":"https:\/\/casino.betxpert.com\/wp-json\/wp\/v2\/pages\/6570\/revisions"}],"predecessor-version":[{"id":6571,"href":"https:\/\/casino.betxpert.com\/wp-json\/wp\/v2\/pages\/6570\/revisions\/6571"}],"up":[{"embeddable":true,"href":"https:\/\/casino.betxpert.com\/wp-json\/wp\/v2\/pages\/6553"}],"wp:attachment":[{"href":"https:\/\/casino.betxpert.com\/wp-json\/wp\/v2\/media?parent=6570"}],"wp:term":[{"taxonomy":"page_category","embeddable":true,"href":"https:\/\/casino.betxpert.com\/wp-json\/wp\/v2\/page_category?post=6570"}],"curies":[{"name":"wp","href":"https:\/\/api.w.org\/{rel}","templated":true}]}}