{"id":5748,"date":"2024-12-10T13:00:44","date_gmt":"2024-12-10T11:00:44","guid":{"rendered":"https:\/\/casino.betxpert.com\/?page_id=5748"},"modified":"2024-12-10T13:02:43","modified_gmt":"2024-12-10T11:02:43","slug":"free-spins-fredag","status":"publish","type":"page","link":"https:\/\/casino.betxpert.com\/kampagner\/free-spins-fredag","title":{"rendered":"Free spins p\u00e5 fredage"},"content":{"rendered":"\n<p>Der er f\u00e5 ting, der sl\u00e5r at starte weekenden med at indl\u00f8se fredag free spins hos et online casino.<\/p>\n\n\n\n<p>Derfor har vi samlet en oversigt over denne fredags gratis spins her p\u00e5 siden, s\u00e5 du kan fors\u00f8de ugens sidste hverdag.<\/p>\n\n\n\n<h2 class=\"wp-block-heading\">Gratis spins denne fredag<\/h2>\n\n\n\t<div class=\"campaigns\">\n\t\t\t\t\t<div class=\"campaigns-wrapper\">\n\t\t\t\t<article class=\"campaign-card\">\n\t<div class=\"badge-ribbon\">\n\t\tKampagne\n\t<\/div>\n\t<header>\n\t\t<img\n\t\t\tsrc=\"https:\/\/casino.betxpert.com\/wp-content\/uploads\/2026\/05\/bet365-Casino-free-spins.webp\"\n\t\t\talt=\"bet365 Casino free spins\"\n\t\t\tloading=\"lazy\"\n\t\t\tdecoding=\"async\"\n\t\t\twidth=\"468\"\n\t\t\theight=\"106\"\n\t\t>\n\t<\/header>\n\t<div class=\"campaign-card__body\" style=\"--mirror-bg: url(https:\/\/casino.betxpert.com\/wp-content\/uploads\/2026\/05\/bet365-Casino-free-spins.webp)\">\n\t\t<div class=\"title\" role=\"heading\">\n\t\t\t<a href=\"https:\/\/casino.betxpert.com\/kampagner\/bet365-bet-get-free-spins\" class=\"stretched-link\">\n\t\t\t\tSpil for 2 x 25 kr. og f\u00e5 2 x 25 free spins\t\t\t<\/a>\n\t\t<\/div>\n\t\t<div class=\"campaign-card__time\">\n\t\t\t<svg width=\"16\" height=\"16\">\n\t\t\t\t<use xlink:href=\"https:\/\/casino.betxpert.com\/wp-content\/themes\/opti-btx\/assets\/images\/icon.svg#time\"><\/use>\n\t\t\t<\/svg>\n\t\t\tIndtil 11 may 2026\t\t\t<div class=\"campaign-card__title\">\n\t\t\t\tBet365 Casino\t\t\t<\/div>\n\t\t<\/div>\n\t\t<svg xmlns=\"http:\/\/www.w3.org\/2000\/svg\" width=\"16\" height=\"17\" fill=\"none\">\n\t\t\t<path stroke=\"#fff\" stroke-linecap=\"round\" stroke-linejoin=\"round\" stroke-width=\"1.5\" d=\"m6 12.82 4-4-4-4\"\/>\n\t\t<\/svg>\n\t<\/div>\n<\/article>\n\n<article class=\"campaign-card\">\n\t<div class=\"badge-ribbon\">\n\t\tKampagne\n\t<\/div>\n\t<header>\n\t\t<img\n\t\t\tsrc=\"https:\/\/casino.betxpert.com\/wp-content\/uploads\/2026\/02\/Casino-House-banner.webp\"\n\t\t\talt=\"Casino House banner\"\n\t\t\tloading=\"lazy\"\n\t\t\tdecoding=\"async\"\n\t\t\twidth=\"468\"\n\t\t\theight=\"106\"\n\t\t>\n\t<\/header>\n\t<div class=\"campaign-card__body\" style=\"--mirror-bg: url(https:\/\/casino.betxpert.com\/wp-content\/uploads\/2026\/02\/Casino-House-banner.webp)\">\n\t\t<div class=\"title\" role=\"heading\">\n\t\t\t<a href=\"https:\/\/casino.betxpert.com\/kampagner\/casino-house-free-spins\" class=\"stretched-link\">\n\t\t\t\tF\u00e5 50 free spins ved oprettelse uden indbetaling\t\t\t<\/a>\n\t\t<\/div>\n\t\t<div class=\"campaign-card__time\">\n\t\t\t<svg width=\"16\" height=\"16\">\n\t\t\t\t<use xlink:href=\"https:\/\/casino.betxpert.com\/wp-content\/themes\/opti-btx\/assets\/images\/icon.svg#time\"><\/use>\n\t\t\t<\/svg>\n\t\t\tFast\t\t\t<div class=\"campaign-card__title\">\n\t\t\t\tCasino House\t\t\t<\/div>\n\t\t<\/div>\n\t\t<svg xmlns=\"http:\/\/www.w3.org\/2000\/svg\" width=\"16\" height=\"17\" fill=\"none\">\n\t\t\t<path stroke=\"#fff\" stroke-linecap=\"round\" stroke-linejoin=\"round\" stroke-width=\"1.5\" d=\"m6 12.82 4-4-4-4\"\/>\n\t\t<\/svg>\n\t<\/div>\n<\/article>\n\n<article class=\"campaign-card\">\n\t<div class=\"badge-ribbon\">\n\t\tKampagne\n\t<\/div>\n\t<header>\n\t\t<img\n\t\t\tsrc=\"https:\/\/casino.betxpert.com\/wp-content\/uploads\/2026\/01\/Danske-Spil-Casino-25-kroner-bonus.webp\"\n\t\t\talt=\"Danske Spil Casino 25 kroner bonus\"\n\t\t\tloading=\"lazy\"\n\t\t\tdecoding=\"async\"\n\t\t\twidth=\"468\"\n\t\t\theight=\"106\"\n\t\t>\n\t<\/header>\n\t<div class=\"campaign-card__body\" style=\"--mirror-bg: url(https:\/\/casino.betxpert.com\/wp-content\/uploads\/2026\/01\/Danske-Spil-Casino-25-kroner-bonus.webp)\">\n\t\t<div class=\"title\" role=\"heading\">\n\t\t\t<a href=\"https:\/\/casino.betxpert.com\/kampagner\/danske-spil-casino-25-kr-bonus-uden-indbetaling\" class=\"stretched-link\">\n\t\t\t\tF\u00e5 25 kr. uden indbetaling\t\t\t<\/a>\n\t\t<\/div>\n\t\t<div class=\"campaign-card__time\">\n\t\t\t<svg width=\"16\" height=\"16\">\n\t\t\t\t<use xlink:href=\"https:\/\/casino.betxpert.com\/wp-content\/themes\/opti-btx\/assets\/images\/icon.svg#time\"><\/use>\n\t\t\t<\/svg>\n\t\t\tFast\t\t\t<div class=\"campaign-card__title\">\n\t\t\t\tDanske Spil Casino\t\t\t<\/div>\n\t\t<\/div>\n\t\t<svg xmlns=\"http:\/\/www.w3.org\/2000\/svg\" width=\"16\" height=\"17\" fill=\"none\">\n\t\t\t<path stroke=\"#fff\" stroke-linecap=\"round\" stroke-linejoin=\"round\" stroke-width=\"1.5\" d=\"m6 12.82 4-4-4-4\"\/>\n\t\t<\/svg>\n\t<\/div>\n<\/article>\n\n<article class=\"campaign-card\">\n\t<div class=\"badge-ribbon\">\n\t\tKampagne\n\t<\/div>\n\t<header>\n\t\t<img\n\t\t\tsrc=\"https:\/\/casino.betxpert.com\/wp-content\/uploads\/2024\/09\/One-Casino-100-free-spins.webp\"\n\t\t\talt=\"\"\n\t\t\tloading=\"lazy\"\n\t\t\tdecoding=\"async\"\n\t\t\twidth=\"468\"\n\t\t\theight=\"106\"\n\t\t>\n\t<\/header>\n\t<div class=\"campaign-card__body\" style=\"--mirror-bg: url(https:\/\/casino.betxpert.com\/wp-content\/uploads\/2024\/09\/One-Casino-100-free-spins.webp)\">\n\t\t<div class=\"title\" role=\"heading\">\n\t\t\t<a href=\"https:\/\/casino.betxpert.com\/kampagner\/one-casino-velkomstbonus-free-spins\" class=\"stretched-link\">\n\t\t\t\tF\u00e5 100 free spins ved oprettelse uden indbetaling\t\t\t<\/a>\n\t\t<\/div>\n\t\t<div class=\"campaign-card__time\">\n\t\t\t<svg width=\"16\" height=\"16\">\n\t\t\t\t<use xlink:href=\"https:\/\/casino.betxpert.com\/wp-content\/themes\/opti-btx\/assets\/images\/icon.svg#time\"><\/use>\n\t\t\t<\/svg>\n\t\t\tFast\t\t\t<div class=\"campaign-card__title\">\n\t\t\t\tOne Casino\t\t\t<\/div>\n\t\t<\/div>\n\t\t<svg xmlns=\"http:\/\/www.w3.org\/2000\/svg\" width=\"16\" height=\"17\" fill=\"none\">\n\t\t\t<path stroke=\"#fff\" stroke-linecap=\"round\" stroke-linejoin=\"round\" stroke-width=\"1.5\" d=\"m6 12.82 4-4-4-4\"\/>\n\t\t<\/svg>\n\t<\/div>\n<\/article>\n\n<article class=\"campaign-card\">\n\t<div class=\"badge-ribbon\">\n\t\tKampagne\n\t<\/div>\n\t<header>\n\t\t<img\n\t\t\tsrc=\"https:\/\/casino.betxpert.com\/wp-content\/uploads\/2024\/10\/Mr-Green-Legacy-of-Dead-free-spins.jpg\"\n\t\t\talt=\"Mr Green Legacy of Dead free spins\"\n\t\t\tloading=\"lazy\"\n\t\t\tdecoding=\"async\"\n\t\t\twidth=\"468\"\n\t\t\theight=\"106\"\n\t\t>\n\t<\/header>\n\t<div class=\"campaign-card__body\" style=\"--mirror-bg: url(https:\/\/casino.betxpert.com\/wp-content\/uploads\/2024\/10\/Mr-Green-Legacy-of-Dead-free-spins.jpg)\">\n\t\t<div class=\"title\" role=\"heading\">\n\t\t\t<a href=\"https:\/\/casino.betxpert.com\/kampagner\/mr-green-free-spins-velkomstbonus\" class=\"stretched-link\">\n\t\t\t\tF\u00e5 50 free spins ved oprettelse uden indbetaling\t\t\t<\/a>\n\t\t<\/div>\n\t\t<div class=\"campaign-card__time\">\n\t\t\t<svg width=\"16\" height=\"16\">\n\t\t\t\t<use xlink:href=\"https:\/\/casino.betxpert.com\/wp-content\/themes\/opti-btx\/assets\/images\/icon.svg#time\"><\/use>\n\t\t\t<\/svg>\n\t\t\tFast\t\t\t<div class=\"campaign-card__title\">\n\t\t\t\tMr Green Casino\t\t\t<\/div>\n\t\t<\/div>\n\t\t<svg xmlns=\"http:\/\/www.w3.org\/2000\/svg\" width=\"16\" height=\"17\" fill=\"none\">\n\t\t\t<path stroke=\"#fff\" stroke-linecap=\"round\" stroke-linejoin=\"round\" stroke-width=\"1.5\" d=\"m6 12.82 4-4-4-4\"\/>\n\t\t<\/svg>\n\t<\/div>\n<\/article>\n\n<article class=\"campaign-card\">\n\t<div class=\"badge-ribbon\">\n\t\tKampagne\n\t<\/div>\n\t<header>\n\t\t<img\n\t\t\tsrc=\"https:\/\/casino.betxpert.com\/wp-content\/uploads\/2024\/09\/PlayOJO-bonus-free-spins.webp\"\n\t\t\talt=\"PlayOJO bonus free spins\"\n\t\t\tloading=\"lazy\"\n\t\t\tdecoding=\"async\"\n\t\t\twidth=\"468\"\n\t\t\theight=\"106\"\n\t\t>\n\t<\/header>\n\t<div class=\"campaign-card__body\" style=\"--mirror-bg: url(https:\/\/casino.betxpert.com\/wp-content\/uploads\/2024\/09\/PlayOJO-bonus-free-spins.webp)\">\n\t\t<div class=\"title\" role=\"heading\">\n\t\t\t<a href=\"https:\/\/casino.betxpert.com\/kampagner\/playojo-free-spins-bonus\" class=\"stretched-link\">\n\t\t\t\tF\u00e5 50 free spins ved 1. indbetaling\t\t\t<\/a>\n\t\t<\/div>\n\t\t<div class=\"campaign-card__time\">\n\t\t\t<svg width=\"16\" height=\"16\">\n\t\t\t\t<use xlink:href=\"https:\/\/casino.betxpert.com\/wp-content\/themes\/opti-btx\/assets\/images\/icon.svg#time\"><\/use>\n\t\t\t<\/svg>\n\t\t\tFast\t\t\t<div class=\"campaign-card__title\">\n\t\t\t\tPlayOJO Casino\t\t\t<\/div>\n\t\t<\/div>\n\t\t<svg xmlns=\"http:\/\/www.w3.org\/2000\/svg\" width=\"16\" height=\"17\" fill=\"none\">\n\t\t\t<path stroke=\"#fff\" stroke-linecap=\"round\" stroke-linejoin=\"round\" stroke-width=\"1.5\" d=\"m6 12.82 4-4-4-4\"\/>\n\t\t<\/svg>\n\t<\/div>\n<\/article>\n\n<article class=\"campaign-card\">\n\t<div class=\"badge-ribbon\">\n\t\tKampagne\n\t<\/div>\n\t<header>\n\t\t<img\n\t\t\tsrc=\"https:\/\/casino.betxpert.com\/wp-content\/uploads\/2026\/05\/Mr-Green-Sweet-Bonanza-free-spins-velkomstbonus.webp\"\n\t\t\talt=\"Mr Green Sweet Bonanza free spins velkomstbonus\"\n\t\t\tloading=\"lazy\"\n\t\t\tdecoding=\"async\"\n\t\t\twidth=\"468\"\n\t\t\theight=\"106\"\n\t\t>\n\t<\/header>\n\t<div class=\"campaign-card__body\" style=\"--mirror-bg: url(https:\/\/casino.betxpert.com\/wp-content\/uploads\/2026\/05\/Mr-Green-Sweet-Bonanza-free-spins-velkomstbonus.webp)\">\n\t\t<div class=\"title\" role=\"heading\">\n\t\t\t<a href=\"https:\/\/casino.betxpert.com\/kampagner\/mr-green-free-spins-indbetaling-bonus\" class=\"stretched-link\">\n\t\t\t\tF\u00e5 200 kr. free spins i velkomstbonus\t\t\t<\/a>\n\t\t<\/div>\n\t\t<div class=\"campaign-card__time\">\n\t\t\t<svg width=\"16\" height=\"16\">\n\t\t\t\t<use xlink:href=\"https:\/\/casino.betxpert.com\/wp-content\/themes\/opti-btx\/assets\/images\/icon.svg#time\"><\/use>\n\t\t\t<\/svg>\n\t\t\tFast\t\t\t<div class=\"campaign-card__title\">\n\t\t\t\tMr Green Casino\t\t\t<\/div>\n\t\t<\/div>\n\t\t<svg xmlns=\"http:\/\/www.w3.org\/2000\/svg\" width=\"16\" height=\"17\" fill=\"none\">\n\t\t\t<path stroke=\"#fff\" stroke-linecap=\"round\" stroke-linejoin=\"round\" stroke-width=\"1.5\" d=\"m6 12.82 4-4-4-4\"\/>\n\t\t<\/svg>\n\t<\/div>\n<\/article>\n\n<article class=\"campaign-card\">\n\t<div class=\"badge-ribbon\">\n\t\tKampagne\n\t<\/div>\n\t<header>\n\t\t<img\n\t\t\tsrc=\"https:\/\/casino.betxpert.com\/wp-content\/uploads\/2024\/09\/Expekt-Velkomstbonus-Free-Spins.webp\"\n\t\t\talt=\"Expekt Velkomstbonus Free Spins\"\n\t\t\tloading=\"lazy\"\n\t\t\tdecoding=\"async\"\n\t\t\twidth=\"468\"\n\t\t\theight=\"106\"\n\t\t>\n\t<\/header>\n\t<div class=\"campaign-card__body\" style=\"--mirror-bg: url(https:\/\/casino.betxpert.com\/wp-content\/uploads\/2024\/09\/Expekt-Velkomstbonus-Free-Spins.webp)\">\n\t\t<div class=\"title\" role=\"heading\">\n\t\t\t<a href=\"https:\/\/casino.betxpert.com\/kampagner\/expekt-casino-velkomstbonus-free-spins\" class=\"stretched-link\">\n\t\t\t\tF\u00e5 50 free spins ved 1. indbetaling\t\t\t<\/a>\n\t\t<\/div>\n\t\t<div class=\"campaign-card__time\">\n\t\t\t<svg width=\"16\" height=\"16\">\n\t\t\t\t<use xlink:href=\"https:\/\/casino.betxpert.com\/wp-content\/themes\/opti-btx\/assets\/images\/icon.svg#time\"><\/use>\n\t\t\t<\/svg>\n\t\t\tFast\t\t\t<div class=\"campaign-card__title\">\n\t\t\t\tExpekt Casino\t\t\t<\/div>\n\t\t<\/div>\n\t\t<svg xmlns=\"http:\/\/www.w3.org\/2000\/svg\" width=\"16\" height=\"17\" fill=\"none\">\n\t\t\t<path stroke=\"#fff\" stroke-linecap=\"round\" stroke-linejoin=\"round\" stroke-width=\"1.5\" d=\"m6 12.82 4-4-4-4\"\/>\n\t\t<\/svg>\n\t<\/div>\n<\/article>\n\n\t\t\t<\/div>\n\t\t\t\t\t\t<\/div>\n\n\n<h2 class=\"wp-block-heading\">Typer af fredags free spins<\/h2>\n\n\n\n<p>Som du kan se ovenfor, er der flere forskellige m\u00e5der, hvorp\u00e5 et online casino kan fejre free spins fredag.<\/p>\n\n\n\n<p>Det kan nemlig b\u00e5de v\u00e6re dedikerede fredagstilbud, l\u00e6ngerevarende kampagner og velkomsttilbud.<\/p>\n\n\n\n<h3 class=\"wp-block-heading\">Fredagstilbud<\/h3>\n\n\n\n<p>Enkelte casinoer har et decideret fredagstilbud, hvor de tilbyder free spins hver fredag i en periode.<\/p>\n\n\n\n<p>Disse tilbud vil v\u00e6re for b\u00e5de nye og eksisternede spillere, men ofte vil antallet af free spins v\u00e6re lidt lavere end ved en velkomstbonus.<\/p>\n\n\n\n<p>Hvis du er p\u00e5 udkig efter s\u00e5dan et casino, s\u00e5 er det LeoVegas, du skal bes\u00f8ge. Her kan du nemlig <a href=\"https:\/\/www.betxpert.com\/casino\/kampagner\/leovegas-free-spins-fredag\">vinde op til 100 free spins hver fredag<\/a>.<\/p>\n\n\n\n<h3 class=\"wp-block-heading\">L\u00e6ngerevarende kampagner<\/h3>\n\n\n\n<p>Nogle casinoer har l\u00e6ngerevarende kampagner, hvor de ikke bare tilbyder gratis spins p\u00e5 fredage, men ogs\u00e5 flere dage i ugen.<\/p>\n\n\n\n<p>Det kan eksempelvis v\u00e6re weekendtilbud, julekampagner eller lignende.<\/p>\n\n\n\n<h3 class=\"wp-block-heading\">Velkomsttilbud<\/h3>\n\n\n\n<p>Endelig har vi alle de casinoer, der giver <a href=\"https:\/\/www.betxpert.com\/casino\/casino-bonus\/free-spins\">free spins i velkomstbonus<\/a>.<\/p>\n\n\n\n<p>Fordelen ved disse er, at du typisk kan f\u00e5 flere gratis spins end ved de \u00f8vrige kampagner, og at de kan bruges p\u00e5 fredage &#8211; og resten af ugen.<\/p>\n\n\n\n<p>Til geng\u00e6ld er et velkomsttilbud kun tilg\u00e6ngeligt \u00e9n gang &#8211; og det kan kun benyttes af nye spillere.<\/p>\n\n\n\n<h2 class=\"wp-block-heading\">Casinoer med Free Spins Fredag<\/h2>\n\n\n\n<p>Tilbud kommer og g\u00e5r, s\u00e5 der kan v\u00e6re forskel p\u00e5, hvor du kan f\u00e5 free spins hver fredag. Du kan dog v\u00e6re sikker p\u00e5, at kampagneoversigten \u00f8verst p\u00e5 siden bliver holdt opdateret.<\/p>\n\n\n\n<p><strong>Som udgangspunkt fejrer disse casinoer dog Free Spins Fredag p\u00e5 den ene eller anden m\u00e5de:<\/strong><\/p>\n\n\n\n<ul class=\"wp-block-list\">\n<li>LeoVegas<\/li>\n\n\n\n<li>OneCasino<\/li>\n\n\n\n<li>Expekt Casino<\/li>\n\n\n\n<li>Mr Green Casino<\/li>\n\n\n\n<li>PlayOJO<\/li>\n\n\n\n<li>Maria Casino<\/li>\n\n\n\n<li>Unibet Casino<\/li>\n<\/ul>\n","protected":false},"excerpt":{"rendered":"<p>Der er f\u00e5 ting, der sl\u00e5r at starte weekenden med at indl\u00f8se fredag free spins hos et online casino. Derfor har vi samlet en oversigt over denne fredags gratis spins her p\u00e5 siden, s\u00e5 du kan fors\u00f8de ugens sidste hverdag. Gratis spins denne fredag Typer af fredags free spins Som du kan se ovenfor, er&#8230;<\/p>\n","protected":false},"author":1,"featured_media":558,"parent":944,"menu_order":0,"comment_status":"closed","ping_status":"closed","template":"","meta":{"_acf_changed":false,"inline_featured_image":false,"footnotes":""},"page_category":[],"class_list":["post-5748","page","type-page","status-publish","has-post-thumbnail","hentry"],"acf":[],"yoast_head":"<!-- This site is optimized with the Yoast SEO plugin v24.2 - https:\/\/yoast.com\/wordpress\/plugins\/seo\/ -->\n<title>Free Spins Fredag - G\u00e5 p\u00e5 weekend med gratis spins<\/title>\n<meta name=\"description\" content=\"Dr\u00f8mmer du om lidt ekstra underholdning til at starte weekenden med? Se vores oversigt over free spins denne fredag hos danske casinoer.\" \/>\n<meta name=\"robots\" content=\"index, follow, max-snippet:-1, max-image-preview:large, max-video-preview:-1\" \/>\n<link rel=\"canonical\" href=\"https:\/\/casino.betxpert.com\/kampagner\/free-spins-fredag\" \/>\n<meta property=\"og:locale\" content=\"da_DK\" \/>\n<meta property=\"og:type\" content=\"article\" \/>\n<meta property=\"og:title\" content=\"Free Spins Fredag - G\u00e5 p\u00e5 weekend med gratis spins\" \/>\n<meta property=\"og:description\" content=\"Dr\u00f8mmer du om lidt ekstra underholdning til at starte weekenden med? Se vores oversigt over free spins denne fredag hos danske casinoer.\" \/>\n<meta property=\"og:url\" content=\"https:\/\/casino.betxpert.com\/kampagner\/free-spins-fredag\" \/>\n<meta property=\"og:site_name\" content=\"Casino | BetXpert\" \/>\n<meta property=\"article:modified_time\" content=\"2024-12-10T11:02:43+00:00\" \/>\n<meta name=\"twitter:card\" content=\"summary_large_image\" \/>\n<meta name=\"twitter:label1\" content=\"Estimeret l\u00e6setid\" \/>\n\t<meta name=\"twitter:data1\" content=\"2 minutter\" \/>\n<script type=\"application\/ld+json\" class=\"yoast-schema-graph\">{\"@context\":\"https:\/\/schema.org\",\"@graph\":[{\"@type\":\"WebPage\",\"@id\":\"https:\/\/casino.betxpert.com\/kampagner\/free-spins-fredag\",\"url\":\"https:\/\/casino.betxpert.com\/kampagner\/free-spins-fredag\",\"name\":\"Free Spins Fredag - G\u00e5 p\u00e5 weekend med gratis spins\",\"isPartOf\":{\"@id\":\"https:\/\/casino.betxpert.com\/#website\"},\"primaryImageOfPage\":{\"@id\":\"https:\/\/casino.betxpert.com\/kampagner\/free-spins-fredag#primaryimage\"},\"image\":{\"@id\":\"https:\/\/casino.betxpert.com\/kampagner\/free-spins-fredag#primaryimage\"},\"thumbnailUrl\":\"https:\/\/casino.betxpert.com\/wp-content\/uploads\/2022\/05\/Free-spins.svg\",\"datePublished\":\"2024-12-10T11:00:44+00:00\",\"dateModified\":\"2024-12-10T11:02:43+00:00\",\"description\":\"Dr\u00f8mmer du om lidt ekstra underholdning til at starte weekenden med? Se vores oversigt over free spins denne fredag hos danske casinoer.\",\"breadcrumb\":{\"@id\":\"https:\/\/casino.betxpert.com\/kampagner\/free-spins-fredag#breadcrumb\"},\"inLanguage\":\"da-DK\",\"potentialAction\":[{\"@type\":\"ReadAction\",\"target\":[\"https:\/\/casino.betxpert.com\/kampagner\/free-spins-fredag\"]}]},{\"@type\":\"ImageObject\",\"inLanguage\":\"da-DK\",\"@id\":\"https:\/\/casino.betxpert.com\/kampagner\/free-spins-fredag#primaryimage\",\"url\":\"https:\/\/casino.betxpert.com\/wp-content\/uploads\/2022\/05\/Free-spins.svg\",\"contentUrl\":\"https:\/\/casino.betxpert.com\/wp-content\/uploads\/2022\/05\/Free-spins.svg\",\"width\":100,\"height\":100,\"caption\":\"Casino free spins\"},{\"@type\":\"BreadcrumbList\",\"@id\":\"https:\/\/casino.betxpert.com\/kampagner\/free-spins-fredag#breadcrumb\",\"itemListElement\":[{\"@type\":\"ListItem\",\"position\":1,\"name\":\"BetXpert.com\/casino\",\"item\":\"https:\/\/casino.betxpert.com\/\"},{\"@type\":\"ListItem\",\"position\":2,\"name\":\"Kampagner\",\"item\":\"https:\/\/casino.betxpert.com\/kampagner\"},{\"@type\":\"ListItem\",\"position\":3,\"name\":\"Free spins p\u00e5 fredage\"}]},{\"@type\":\"WebSite\",\"@id\":\"https:\/\/casino.betxpert.com\/#website\",\"url\":\"https:\/\/casino.betxpert.com\/\",\"name\":\"Casino | BetXpert\",\"description\":\"BetXpert\",\"publisher\":{\"@id\":\"https:\/\/casino.betxpert.com\/#organization\"},\"potentialAction\":[{\"@type\":\"SearchAction\",\"target\":{\"@type\":\"EntryPoint\",\"urlTemplate\":\"https:\/\/casino.betxpert.com\/?s={search_term_string}\"},\"query-input\":{\"@type\":\"PropertyValueSpecification\",\"valueRequired\":true,\"valueName\":\"search_term_string\"}}],\"inLanguage\":\"da-DK\"},{\"@type\":\"Organization\",\"@id\":\"https:\/\/casino.betxpert.com\/#organization\",\"name\":\"Casino | BetXpert\",\"url\":\"https:\/\/casino.betxpert.com\/\",\"logo\":{\"@type\":\"ImageObject\",\"inLanguage\":\"da-DK\",\"@id\":\"https:\/\/casino.betxpert.com\/#\/schema\/logo\/image\/\",\"url\":\"https:\/\/casino.betxpert.com\/wp-content\/uploads\/2025\/09\/bx-logo-new.png\",\"contentUrl\":\"https:\/\/casino.betxpert.com\/wp-content\/uploads\/2025\/09\/bx-logo-new.png\",\"width\":582,\"height\":136,\"caption\":\"Casino | BetXpert\"},\"image\":{\"@id\":\"https:\/\/casino.betxpert.com\/#\/schema\/logo\/image\/\"}}]}<\/script>\n<!-- \/ Yoast SEO plugin. -->","yoast_head_json":{"title":"Free Spins Fredag - G\u00e5 p\u00e5 weekend med gratis spins","description":"Dr\u00f8mmer du om lidt ekstra underholdning til at starte weekenden med? Se vores oversigt over free spins denne fredag hos danske casinoer.","robots":{"index":"index","follow":"follow","max-snippet":"max-snippet:-1","max-image-preview":"max-image-preview:large","max-video-preview":"max-video-preview:-1"},"canonical":"https:\/\/casino.betxpert.com\/kampagner\/free-spins-fredag","og_locale":"da_DK","og_type":"article","og_title":"Free Spins Fredag - G\u00e5 p\u00e5 weekend med gratis spins","og_description":"Dr\u00f8mmer du om lidt ekstra underholdning til at starte weekenden med? Se vores oversigt over free spins denne fredag hos danske casinoer.","og_url":"https:\/\/casino.betxpert.com\/kampagner\/free-spins-fredag","og_site_name":"Casino | BetXpert","article_modified_time":"2024-12-10T11:02:43+00:00","twitter_card":"summary_large_image","twitter_misc":{"Estimeret l\u00e6setid":"2 minutter"},"schema":{"@context":"https:\/\/schema.org","@graph":[{"@type":"WebPage","@id":"https:\/\/casino.betxpert.com\/kampagner\/free-spins-fredag","url":"https:\/\/casino.betxpert.com\/kampagner\/free-spins-fredag","name":"Free Spins Fredag - G\u00e5 p\u00e5 weekend med gratis spins","isPartOf":{"@id":"https:\/\/casino.betxpert.com\/#website"},"primaryImageOfPage":{"@id":"https:\/\/casino.betxpert.com\/kampagner\/free-spins-fredag#primaryimage"},"image":{"@id":"https:\/\/casino.betxpert.com\/kampagner\/free-spins-fredag#primaryimage"},"thumbnailUrl":"https:\/\/casino.betxpert.com\/wp-content\/uploads\/2022\/05\/Free-spins.svg","datePublished":"2024-12-10T11:00:44+00:00","dateModified":"2024-12-10T11:02:43+00:00","description":"Dr\u00f8mmer du om lidt ekstra underholdning til at starte weekenden med? Se vores oversigt over free spins denne fredag hos danske casinoer.","breadcrumb":{"@id":"https:\/\/casino.betxpert.com\/kampagner\/free-spins-fredag#breadcrumb"},"inLanguage":"da-DK","potentialAction":[{"@type":"ReadAction","target":["https:\/\/casino.betxpert.com\/kampagner\/free-spins-fredag"]}]},{"@type":"ImageObject","inLanguage":"da-DK","@id":"https:\/\/casino.betxpert.com\/kampagner\/free-spins-fredag#primaryimage","url":"https:\/\/casino.betxpert.com\/wp-content\/uploads\/2022\/05\/Free-spins.svg","contentUrl":"https:\/\/casino.betxpert.com\/wp-content\/uploads\/2022\/05\/Free-spins.svg","width":100,"height":100,"caption":"Casino free spins"},{"@type":"BreadcrumbList","@id":"https:\/\/casino.betxpert.com\/kampagner\/free-spins-fredag#breadcrumb","itemListElement":[{"@type":"ListItem","position":1,"name":"BetXpert.com\/casino","item":"https:\/\/casino.betxpert.com\/"},{"@type":"ListItem","position":2,"name":"Kampagner","item":"https:\/\/casino.betxpert.com\/kampagner"},{"@type":"ListItem","position":3,"name":"Free spins p\u00e5 fredage"}]},{"@type":"WebSite","@id":"https:\/\/casino.betxpert.com\/#website","url":"https:\/\/casino.betxpert.com\/","name":"Casino | BetXpert","description":"BetXpert","publisher":{"@id":"https:\/\/casino.betxpert.com\/#organization"},"potentialAction":[{"@type":"SearchAction","target":{"@type":"EntryPoint","urlTemplate":"https:\/\/casino.betxpert.com\/?s={search_term_string}"},"query-input":{"@type":"PropertyValueSpecification","valueRequired":true,"valueName":"search_term_string"}}],"inLanguage":"da-DK"},{"@type":"Organization","@id":"https:\/\/casino.betxpert.com\/#organization","name":"Casino | BetXpert","url":"https:\/\/casino.betxpert.com\/","logo":{"@type":"ImageObject","inLanguage":"da-DK","@id":"https:\/\/casino.betxpert.com\/#\/schema\/logo\/image\/","url":"https:\/\/casino.betxpert.com\/wp-content\/uploads\/2025\/09\/bx-logo-new.png","contentUrl":"https:\/\/casino.betxpert.com\/wp-content\/uploads\/2025\/09\/bx-logo-new.png","width":582,"height":136,"caption":"Casino | BetXpert"},"image":{"@id":"https:\/\/casino.betxpert.com\/#\/schema\/logo\/image\/"}}]}},"_links":{"self":[{"href":"https:\/\/casino.betxpert.com\/wp-json\/wp\/v2\/pages\/5748","targetHints":{"allow":["GET"]}}],"collection":[{"href":"https:\/\/casino.betxpert.com\/wp-json\/wp\/v2\/pages"}],"about":[{"href":"https:\/\/casino.betxpert.com\/wp-json\/wp\/v2\/types\/page"}],"author":[{"embeddable":true,"href":"https:\/\/casino.betxpert.com\/wp-json\/wp\/v2\/users\/1"}],"replies":[{"embeddable":true,"href":"https:\/\/casino.betxpert.com\/wp-json\/wp\/v2\/comments?post=5748"}],"version-history":[{"count":3,"href":"https:\/\/casino.betxpert.com\/wp-json\/wp\/v2\/pages\/5748\/revisions"}],"predecessor-version":[{"id":5755,"href":"https:\/\/casino.betxpert.com\/wp-json\/wp\/v2\/pages\/5748\/revisions\/5755"}],"up":[{"embeddable":true,"href":"https:\/\/casino.betxpert.com\/wp-json\/wp\/v2\/pages\/944"}],"wp:featuredmedia":[{"embeddable":true,"href":"https:\/\/casino.betxpert.com\/wp-json\/wp\/v2\/media\/558"}],"wp:attachment":[{"href":"https:\/\/casino.betxpert.com\/wp-json\/wp\/v2\/media?parent=5748"}],"wp:term":[{"taxonomy":"page_category","embeddable":true,"href":"https:\/\/casino.betxpert.com\/wp-json\/wp\/v2\/page_category?post=5748"}],"curies":[{"name":"wp","href":"https:\/\/api.w.org\/{rel}","templated":true}]}}