{"id":5170,"date":"2023-11-22T17:49:21","date_gmt":"2023-11-22T15:49:21","guid":{"rendered":"https:\/\/casino.betxpert.com\/?page_id=5170"},"modified":"2025-11-28T12:04:38","modified_gmt":"2025-11-28T10:04:38","slug":"black-friday","status":"publish","type":"page","link":"https:\/\/casino.betxpert.com\/kampagner\/black-friday","title":{"rendered":"Black Friday tilbud p\u00e5 casino"},"content":{"rendered":"\n<h2 class=\"wp-block-heading\">Aktuelle Black Friday casino tilbud<\/h2>\n\n\n\t<div class=\"campaigns\">\n\t\t\t\t\t\t<p class=\"no-result-block\">\n\t\t\t\t\tIngen kampagner fundet\n\t\t\t\t<\/p>\n\t\t\t\t\t<\/div>\n\n\n<h2 class=\"wp-block-heading\">Casinoer med Black Friday tilbud<\/h2>\n\n\n\n<p>I 2025 har f\u00f8lgende casinoer Black Friday tilbud i Danmark:<\/p>\n\n\n\n<ul class=\"wp-block-list is-style-default\">\n<li>Mr Green<\/li>\n\n\n\n<li>Bet365 Casino<\/li>\n<\/ul>\n\n\n\n<p>Vi opdaterer listen l\u00f8bende efterh\u00e5nden som der bliver tilf\u00f8jet flere Black Friday casino tilbud.<\/p>\n\n\n\n<h2 class=\"wp-block-heading\">Typer af casinotilbud p\u00e5 Black Friday<\/h2>\n\n\n\n<p>N\u00e5r casinoer fejrer Black Friday er det typisk med de samme former for tilbud og bonusser, som de altid bruger. Forskellen er blot, at vilk\u00e5rene som regel er mere lempelige eller at bonussen er st\u00f8rre.<\/p>\n\n\n\n<p>Derudover g\u00e6lder de fleste casinoers Black Friday tilbud ogs\u00e5 for alle spillere; nye som gamle. Det vil sige, at du som regel vil kunne benytte dig af dit yndlingscasinos tilbud, selvom du for l\u00e6ngst har oprettet en konto og brugt din velkomstbonus.<\/p>\n\n\n\n<p>Nedenfor kan du l\u00e6se mere om de mest hyppige former for Black Friday tilbud p\u00e5 de danske casinoer. Det t\u00e6ller <a href=\"https:\/\/www.betxpert.com\/casino\/casino-bonus\/free-spins\">free spins<\/a>, matchbonusser og boosted pointoptjening. Uanset om du v\u00e6lger et casino med den ene eller anden bonus, s\u00e5 husk at s\u00e6t dig grundigt ind i vilk\u00e5rene inden, at du accepterer dem.<\/p>\n\n\n\n<h3 class=\"wp-block-heading\">Free spins<\/h3>\n\n\n\n<p>Free spins er for mange den mest attraktive form for Black Friday bonus, man kan f\u00e5 p\u00e5 et casino. Som navnet afsl\u00f8rer, er det en bonus, hvor du f\u00e5r mulighed for at spinne gratis p\u00e5 en spilleautomat.<\/p>\n\n\n\n<p>Typisk vil du f\u00e5 tildelt et givent antal gratis spins til en v\u00e6rdi \u00e1 et bel\u00f8b fastsat af casinoet. Det kunne eksempelvis v\u00e6re 20 gratis spins \u00e1 2 kr. Dermed er bonussens samlede v\u00e6rdi 40 kroner og du kan alts\u00e5 satse og spinne for 20 gange for 2 kr. per gang.<\/p>\n\n\n\n<p>Fordelen ved Black Friday free spins er, at alle gevinster vundet som udgangspunkt er dine. Det vil sige, at du frit kan udbetale eventuelle gevinster uden at skulle bekymre dig om et oms\u00e6tningskrav.<\/p>\n\n\n\n<h3 class=\"wp-block-heading\">Matchbonus<\/h3>\n\n\n\n<p>Mens free spins generelt bliver betragtet som den mest attraktive Black Friday bonus, s\u00e5 er en matchbonus nok den mest popul\u00e6re. Det skyldes simpelthen, at det er en bonustype, der bliver tilbudt af flere casinoer.<\/p>\n\n\n\n<p>En matchbonus er en <a href=\"https:\/\/casino.betxpert.com\/casino-bonus\/indbetalingsbonus\">indbetalingsbonus<\/a>, hvor casinoet matcher din indbetaling op til et vist bel\u00f8b. Det kunne eksempelvis v\u00e6re 100 % op til 1.000 kroner. Det betyder, at hvis du laver en indbetaling p\u00e5 op til 1.000 kroner, s\u00e5 f\u00e5r du et tilsvarende bel\u00f8b i bonus.<\/p>\n\n\n\n<p class=\"has-text-align-center\"><em>Eksempel: Indbetal 800 kr. og f\u00e5 800 kr. i bonus<\/em><\/p>\n\n\n\n<p>Dette er ikke bare en popul\u00e6r bonus p\u00e5 Black Friday, men ogs\u00e5 den mest almindelige form for velkomstbonus og loyalitetsbonus p\u00e5 de fleste casinoer. Forskellen er blot, at den ofte er bundet op p\u00e5 s\u00e5 stort et oms\u00e6tningskrav som muligt til hverdag, mens enkelte casinoer skruer ned for oms\u00e6tningskravet i forbindelse med Black Friday.<\/p>\n","protected":false},"excerpt":{"rendered":"<p>Aktuelle Black Friday casino tilbud Casinoer med Black Friday tilbud I 2025 har f\u00f8lgende casinoer Black Friday tilbud i Danmark: Vi opdaterer listen l\u00f8bende efterh\u00e5nden som der bliver tilf\u00f8jet flere Black Friday casino tilbud. Typer af casinotilbud p\u00e5 Black Friday N\u00e5r casinoer fejrer Black Friday er det typisk med de samme former for tilbud og&#8230;<\/p>\n","protected":false},"author":1,"featured_media":5173,"parent":944,"menu_order":0,"comment_status":"closed","ping_status":"closed","template":"","meta":{"_acf_changed":false,"inline_featured_image":false,"footnotes":""},"page_category":[],"class_list":["post-5170","page","type-page","status-publish","has-post-thumbnail","hentry"],"acf":[],"yoast_head":"<!-- This site is optimized with the Yoast SEO plugin v24.2 - https:\/\/yoast.com\/wordpress\/plugins\/seo\/ -->\n<title>Black Friday tilbud p\u00e5 casino: Se oversigten her - BetXpert Casino<\/title>\n<meta name=\"description\" content=\"Se oversigten over danske casinoer med Black Friday tilbud og bonusser her p\u00e5 siden og l\u00e6s mere om hvilke bonustyper du kan forvente.\" \/>\n<meta name=\"robots\" content=\"index, follow, max-snippet:-1, max-image-preview:large, max-video-preview:-1\" \/>\n<link rel=\"canonical\" href=\"https:\/\/casino.betxpert.com\/kampagner\/black-friday\" \/>\n<meta property=\"og:locale\" content=\"da_DK\" \/>\n<meta property=\"og:type\" content=\"article\" \/>\n<meta property=\"og:title\" content=\"Black Friday tilbud p\u00e5 casino: Se oversigten her - BetXpert Casino\" \/>\n<meta property=\"og:description\" content=\"Se oversigten over danske casinoer med Black Friday tilbud og bonusser her p\u00e5 siden og l\u00e6s mere om hvilke bonustyper du kan forvente.\" \/>\n<meta property=\"og:url\" content=\"https:\/\/casino.betxpert.com\/kampagner\/black-friday\" \/>\n<meta property=\"og:site_name\" content=\"Casino | BetXpert\" \/>\n<meta property=\"article:modified_time\" content=\"2025-11-28T10:04:38+00:00\" \/>\n<meta property=\"og:image\" content=\"https:\/\/casino.betxpert.com\/wp-content\/uploads\/2023\/11\/Black-Friday-casino-bonus.webp\" \/>\n\t<meta property=\"og:image:width\" content=\"2080\" \/>\n\t<meta property=\"og:image:height\" content=\"458\" \/>\n\t<meta property=\"og:image:type\" content=\"image\/webp\" \/>\n<meta name=\"twitter:card\" content=\"summary_large_image\" \/>\n<meta name=\"twitter:label1\" content=\"Estimeret l\u00e6setid\" \/>\n\t<meta name=\"twitter:data1\" content=\"2 minutter\" \/>\n<script type=\"application\/ld+json\" class=\"yoast-schema-graph\">{\"@context\":\"https:\/\/schema.org\",\"@graph\":[{\"@type\":\"WebPage\",\"@id\":\"https:\/\/casino.betxpert.com\/kampagner\/black-friday\",\"url\":\"https:\/\/casino.betxpert.com\/kampagner\/black-friday\",\"name\":\"Black Friday tilbud p\u00e5 casino: Se oversigten her - BetXpert Casino\",\"isPartOf\":{\"@id\":\"https:\/\/casino.betxpert.com\/#website\"},\"primaryImageOfPage\":{\"@id\":\"https:\/\/casino.betxpert.com\/kampagner\/black-friday#primaryimage\"},\"image\":{\"@id\":\"https:\/\/casino.betxpert.com\/kampagner\/black-friday#primaryimage\"},\"thumbnailUrl\":\"https:\/\/casino.betxpert.com\/wp-content\/uploads\/2023\/11\/Black-Friday-casino-bonus.webp\",\"datePublished\":\"2023-11-22T15:49:21+00:00\",\"dateModified\":\"2025-11-28T10:04:38+00:00\",\"description\":\"Se oversigten over danske casinoer med Black Friday tilbud og bonusser her p\u00e5 siden og l\u00e6s mere om hvilke bonustyper du kan forvente.\",\"breadcrumb\":{\"@id\":\"https:\/\/casino.betxpert.com\/kampagner\/black-friday#breadcrumb\"},\"inLanguage\":\"da-DK\",\"potentialAction\":[{\"@type\":\"ReadAction\",\"target\":[\"https:\/\/casino.betxpert.com\/kampagner\/black-friday\"]}]},{\"@type\":\"ImageObject\",\"inLanguage\":\"da-DK\",\"@id\":\"https:\/\/casino.betxpert.com\/kampagner\/black-friday#primaryimage\",\"url\":\"https:\/\/casino.betxpert.com\/wp-content\/uploads\/2023\/11\/Black-Friday-casino-bonus.webp\",\"contentUrl\":\"https:\/\/casino.betxpert.com\/wp-content\/uploads\/2023\/11\/Black-Friday-casino-bonus.webp\",\"width\":2080,\"height\":458,\"caption\":\"Black Friday casino bonus\"},{\"@type\":\"BreadcrumbList\",\"@id\":\"https:\/\/casino.betxpert.com\/kampagner\/black-friday#breadcrumb\",\"itemListElement\":[{\"@type\":\"ListItem\",\"position\":1,\"name\":\"BetXpert.com\/casino\",\"item\":\"https:\/\/casino.betxpert.com\/\"},{\"@type\":\"ListItem\",\"position\":2,\"name\":\"Kampagner\",\"item\":\"https:\/\/casino.betxpert.com\/kampagner\"},{\"@type\":\"ListItem\",\"position\":3,\"name\":\"Black Friday tilbud p\u00e5 casino\"}]},{\"@type\":\"WebSite\",\"@id\":\"https:\/\/casino.betxpert.com\/#website\",\"url\":\"https:\/\/casino.betxpert.com\/\",\"name\":\"Casino | BetXpert\",\"description\":\"BetXpert\",\"publisher\":{\"@id\":\"https:\/\/casino.betxpert.com\/#organization\"},\"potentialAction\":[{\"@type\":\"SearchAction\",\"target\":{\"@type\":\"EntryPoint\",\"urlTemplate\":\"https:\/\/casino.betxpert.com\/?s={search_term_string}\"},\"query-input\":{\"@type\":\"PropertyValueSpecification\",\"valueRequired\":true,\"valueName\":\"search_term_string\"}}],\"inLanguage\":\"da-DK\"},{\"@type\":\"Organization\",\"@id\":\"https:\/\/casino.betxpert.com\/#organization\",\"name\":\"Casino | BetXpert\",\"url\":\"https:\/\/casino.betxpert.com\/\",\"logo\":{\"@type\":\"ImageObject\",\"inLanguage\":\"da-DK\",\"@id\":\"https:\/\/casino.betxpert.com\/#\/schema\/logo\/image\/\",\"url\":\"https:\/\/casino.betxpert.com\/wp-content\/uploads\/2025\/09\/bx-logo-new.png\",\"contentUrl\":\"https:\/\/casino.betxpert.com\/wp-content\/uploads\/2025\/09\/bx-logo-new.png\",\"width\":582,\"height\":136,\"caption\":\"Casino | BetXpert\"},\"image\":{\"@id\":\"https:\/\/casino.betxpert.com\/#\/schema\/logo\/image\/\"}}]}<\/script>\n<!-- \/ Yoast SEO plugin. -->","yoast_head_json":{"title":"Black Friday tilbud p\u00e5 casino: Se oversigten her - BetXpert Casino","description":"Se oversigten over danske casinoer med Black Friday tilbud og bonusser her p\u00e5 siden og l\u00e6s mere om hvilke bonustyper du kan forvente.","robots":{"index":"index","follow":"follow","max-snippet":"max-snippet:-1","max-image-preview":"max-image-preview:large","max-video-preview":"max-video-preview:-1"},"canonical":"https:\/\/casino.betxpert.com\/kampagner\/black-friday","og_locale":"da_DK","og_type":"article","og_title":"Black Friday tilbud p\u00e5 casino: Se oversigten her - BetXpert Casino","og_description":"Se oversigten over danske casinoer med Black Friday tilbud og bonusser her p\u00e5 siden og l\u00e6s mere om hvilke bonustyper du kan forvente.","og_url":"https:\/\/casino.betxpert.com\/kampagner\/black-friday","og_site_name":"Casino | BetXpert","article_modified_time":"2025-11-28T10:04:38+00:00","og_image":[{"width":2080,"height":458,"url":"https:\/\/casino.betxpert.com\/wp-content\/uploads\/2023\/11\/Black-Friday-casino-bonus.webp","type":"image\/webp"}],"twitter_card":"summary_large_image","twitter_misc":{"Estimeret l\u00e6setid":"2 minutter"},"schema":{"@context":"https:\/\/schema.org","@graph":[{"@type":"WebPage","@id":"https:\/\/casino.betxpert.com\/kampagner\/black-friday","url":"https:\/\/casino.betxpert.com\/kampagner\/black-friday","name":"Black Friday tilbud p\u00e5 casino: Se oversigten her - BetXpert Casino","isPartOf":{"@id":"https:\/\/casino.betxpert.com\/#website"},"primaryImageOfPage":{"@id":"https:\/\/casino.betxpert.com\/kampagner\/black-friday#primaryimage"},"image":{"@id":"https:\/\/casino.betxpert.com\/kampagner\/black-friday#primaryimage"},"thumbnailUrl":"https:\/\/casino.betxpert.com\/wp-content\/uploads\/2023\/11\/Black-Friday-casino-bonus.webp","datePublished":"2023-11-22T15:49:21+00:00","dateModified":"2025-11-28T10:04:38+00:00","description":"Se oversigten over danske casinoer med Black Friday tilbud og bonusser her p\u00e5 siden og l\u00e6s mere om hvilke bonustyper du kan forvente.","breadcrumb":{"@id":"https:\/\/casino.betxpert.com\/kampagner\/black-friday#breadcrumb"},"inLanguage":"da-DK","potentialAction":[{"@type":"ReadAction","target":["https:\/\/casino.betxpert.com\/kampagner\/black-friday"]}]},{"@type":"ImageObject","inLanguage":"da-DK","@id":"https:\/\/casino.betxpert.com\/kampagner\/black-friday#primaryimage","url":"https:\/\/casino.betxpert.com\/wp-content\/uploads\/2023\/11\/Black-Friday-casino-bonus.webp","contentUrl":"https:\/\/casino.betxpert.com\/wp-content\/uploads\/2023\/11\/Black-Friday-casino-bonus.webp","width":2080,"height":458,"caption":"Black Friday casino bonus"},{"@type":"BreadcrumbList","@id":"https:\/\/casino.betxpert.com\/kampagner\/black-friday#breadcrumb","itemListElement":[{"@type":"ListItem","position":1,"name":"BetXpert.com\/casino","item":"https:\/\/casino.betxpert.com\/"},{"@type":"ListItem","position":2,"name":"Kampagner","item":"https:\/\/casino.betxpert.com\/kampagner"},{"@type":"ListItem","position":3,"name":"Black Friday tilbud p\u00e5 casino"}]},{"@type":"WebSite","@id":"https:\/\/casino.betxpert.com\/#website","url":"https:\/\/casino.betxpert.com\/","name":"Casino | BetXpert","description":"BetXpert","publisher":{"@id":"https:\/\/casino.betxpert.com\/#organization"},"potentialAction":[{"@type":"SearchAction","target":{"@type":"EntryPoint","urlTemplate":"https:\/\/casino.betxpert.com\/?s={search_term_string}"},"query-input":{"@type":"PropertyValueSpecification","valueRequired":true,"valueName":"search_term_string"}}],"inLanguage":"da-DK"},{"@type":"Organization","@id":"https:\/\/casino.betxpert.com\/#organization","name":"Casino | BetXpert","url":"https:\/\/casino.betxpert.com\/","logo":{"@type":"ImageObject","inLanguage":"da-DK","@id":"https:\/\/casino.betxpert.com\/#\/schema\/logo\/image\/","url":"https:\/\/casino.betxpert.com\/wp-content\/uploads\/2025\/09\/bx-logo-new.png","contentUrl":"https:\/\/casino.betxpert.com\/wp-content\/uploads\/2025\/09\/bx-logo-new.png","width":582,"height":136,"caption":"Casino | BetXpert"},"image":{"@id":"https:\/\/casino.betxpert.com\/#\/schema\/logo\/image\/"}}]}},"_links":{"self":[{"href":"https:\/\/casino.betxpert.com\/wp-json\/wp\/v2\/pages\/5170","targetHints":{"allow":["GET"]}}],"collection":[{"href":"https:\/\/casino.betxpert.com\/wp-json\/wp\/v2\/pages"}],"about":[{"href":"https:\/\/casino.betxpert.com\/wp-json\/wp\/v2\/types\/page"}],"author":[{"embeddable":true,"href":"https:\/\/casino.betxpert.com\/wp-json\/wp\/v2\/users\/1"}],"replies":[{"embeddable":true,"href":"https:\/\/casino.betxpert.com\/wp-json\/wp\/v2\/comments?post=5170"}],"version-history":[{"count":12,"href":"https:\/\/casino.betxpert.com\/wp-json\/wp\/v2\/pages\/5170\/revisions"}],"predecessor-version":[{"id":6281,"href":"https:\/\/casino.betxpert.com\/wp-json\/wp\/v2\/pages\/5170\/revisions\/6281"}],"up":[{"embeddable":true,"href":"https:\/\/casino.betxpert.com\/wp-json\/wp\/v2\/pages\/944"}],"wp:featuredmedia":[{"embeddable":true,"href":"https:\/\/casino.betxpert.com\/wp-json\/wp\/v2\/media\/5173"}],"wp:attachment":[{"href":"https:\/\/casino.betxpert.com\/wp-json\/wp\/v2\/media?parent=5170"}],"wp:term":[{"taxonomy":"page_category","embeddable":true,"href":"https:\/\/casino.betxpert.com\/wp-json\/wp\/v2\/page_category?post=5170"}],"curies":[{"name":"wp","href":"https:\/\/api.w.org\/{rel}","templated":true}]}}